{"id":10,"date":"2024-11-05T18:05:56","date_gmt":"2024-11-05T18:05:56","guid":{"rendered":"https:\/\/rs.emanuelaboron.eu\/blog\/?page_id=10"},"modified":"2024-11-19T10:15:42","modified_gmt":"2024-11-19T10:15:42","slug":"chi-sono","status":"publish","type":"page","link":"http:\/\/rs.emanuelaboron.eu\/blog\/chi-sono\/","title":{"rendered":"Chi sono"},"content":{"rendered":"\n<div class=\"wp-block-columns is-layout-flex wp-container-core-columns-is-layout-9d6595d7 wp-block-columns-is-layout-flex\">\n<div class=\"wp-block-column is-layout-flow wp-block-column-is-layout-flow\" style=\"flex-basis:33.33%\">\n<figure class=\"wp-block-image size-large\"><img data-recalc-dims=\"1\" loading=\"lazy\" decoding=\"async\" width=\"768\" height=\"1024\" src=\"https:\/\/i0.wp.com\/rs.emanuelaboron.eu\/blog\/wp-content\/uploads\/2024\/11\/photo_2024-11-05-19.19.36.jpeg?resize=768%2C1024\" alt=\"Emanuela Boron\" class=\"wp-image-20\" srcset=\"https:\/\/i0.wp.com\/rs.emanuelaboron.eu\/blog\/wp-content\/uploads\/2024\/11\/photo_2024-11-05-19.19.36.jpeg?resize=768%2C1024 768w, https:\/\/i0.wp.com\/rs.emanuelaboron.eu\/blog\/wp-content\/uploads\/2024\/11\/photo_2024-11-05-19.19.36.jpeg?resize=225%2C300 225w, https:\/\/i0.wp.com\/rs.emanuelaboron.eu\/blog\/wp-content\/uploads\/2024\/11\/photo_2024-11-05-19.19.36.jpeg?resize=1152%2C1536 1152w, https:\/\/i0.wp.com\/rs.emanuelaboron.eu\/blog\/wp-content\/uploads\/2024\/11\/photo_2024-11-05-19.19.36.jpeg?resize=1536%2C2048 1536w, https:\/\/i0.wp.com\/rs.emanuelaboron.eu\/blog\/wp-content\/uploads\/2024\/11\/photo_2024-11-05-19.19.36.jpeg?w=1920 1920w\" sizes=\"auto, (max-width: 768px) 100vw, 768px\" \/><figcaption class=\"wp-element-caption\">Emanuela Boron<\/figcaption><\/figure>\n<\/div>\n\n\n\n<div class=\"wp-block-column is-layout-flow wp-block-column-is-layout-flow\" style=\"flex-basis:66.66%\">\n<p>Ciao! Sono<strong> Emanuela Boron<\/strong>. Sono un\u2019<strong>operatrice olistica<\/strong> specializzata in <strong><a href=\"https:\/\/rs.emanuelaboron.eu\/blog\/kinesiologia\/\" data-type=\"page\" data-id=\"97\">kinesiologia<\/a><\/strong> e <strong><a href=\"https:\/\/rs.emanuelaboron.eu\/blog\/biorisonanza\/\" data-type=\"page\" data-id=\"28\">biorisonanza<\/a><\/strong>, con oltre vent\u2019anni di esperienza in ambito di ricerca, insegnamento e pratica di tecniche volte al benessere e alla crescita personale. <\/p>\n\n\n\n<p>Ho iniziato il mio percorso professionale esplorando il mondo delle relazioni tra genitori e figli, studiando e insegnando l\u2019accudimento parentale nei suoi aspetti fondamentali come l\u2019allattamento, il massaggio e il portare in fascia il neonato. <\/p>\n\n\n\n<p>Questo cammino, arricchito dall\u2019esperienza di essere madre di tre figli, mi ha permesso di comprendere profondamente il valore del legame e del benessere che inizia gi\u00e0 dai primi momenti di vita.<\/p>\n\n\n\n<p class=\"has-text-align-left\">Il passo successivo della mia crescita \u00e8 stato l\u2019approfondimento della <strong><a href=\"https:\/\/rs.emanuelaboron.eu\/blog\/kinesiologia\/\" data-type=\"page\" data-id=\"97\">kinesiologia<\/a><\/strong>, attraverso il percorso formativo della scuola di <strong>Neuro Training<\/strong>. Questo metodo ha rappresentato un\u2019evoluzione naturale della mia ricerca, permettendomi di integrare approcci innovativi che coinvolgono mente e corpo in un cammino di auto-scoperta e riequilibrio. Ho continuato a espandere le mie competenze attraverso studi e corsi di tecniche olistiche, fino ad arrivare alla <a href=\"https:\/\/rs.emanuelaboron.eu\/blog\/biorisonanza\/\" data-type=\"page\" data-id=\"28\">biorisonanza<\/a> con il sistema <strong>SCIO<\/strong>, un metodo avanzato che arricchisce ulteriormente le mie capacit\u00e0 di supportare il benessere delle persone su pi\u00f9 livelli.<\/p>\n\n\n\n<p class=\"has-text-align-left\">  <strong>Il Mio Approccio<\/strong><\/p>\n\n\n\n<p class=\"has-text-align-left\">Il mio lavoro consiste nel creare percorsi personalizzati che tengano conto delle esigenze individuali, unendo diverse discipline e prospettive per favorire una riarmonizzazione dell\u2019intero sistema corpo-mente. La mia esperienza mi consente di offrire soluzioni concrete e di guidare le persone verso nuove consapevolezze, affinch\u00e9 possano raggiungere un equilibrio profondo e duraturo. Credo fermamente che i veri cambiamenti e i &#8220;miracoli&#8221; possano nascere solo dalla persona stessa, grazie a un impegno sincero e alla determinazione di mettere in pratica i consigli e gli esercizi di allenamento emozionale e mentale che suggerisco.<\/p>\n\n\n\n<p>Ogni percorso \u00e8 unico e continuo a formarmi e a evolvermi, affinch\u00e9 possa offrire un supporto sempre pi\u00f9 completo e mirato. Il mio lavoro \u00e8 dedicato a chi desidera intraprendere un viaggio interiore e fisico verso un maggiore benessere e una rinnovata armonia, offrendo strumenti e strategie per riscoprire il proprio equilibrio interiore e vivere una vita pi\u00f9 consapevole.<\/p>\n<\/div>\n<\/div>\n\n\n\n<p><\/p>\n","protected":false},"excerpt":{"rendered":"<p>Ciao! Sono Emanuela Boron. Sono un\u2019operatrice olistica specializzata in kinesiologia e biorisonanza, con oltre vent\u2019anni di esperienza in ambito di ricerca, insegnamento e pratica di tecniche volte al benessere e alla crescita personale. Ho iniziato il mio percorso professionale esplorando il mondo delle relazioni tra genitori e figli, studiando e insegnando l\u2019accudimento parentale nei suoi&hellip;&nbsp;<a href=\"http:\/\/rs.emanuelaboron.eu\/blog\/chi-sono\/\" rel=\"bookmark\">Leggi tutto &raquo;<span class=\"screen-reader-text\">Chi sono<\/span><\/a><\/p>\n","protected":false},"author":4,"featured_media":0,"parent":0,"menu_order":0,"comment_status":"closed","ping_status":"closed","template":"","meta":{"neve_meta_sidebar":"","neve_meta_container":"contained","neve_meta_enable_content_width":"","neve_meta_content_width":0,"neve_meta_title_alignment":"left","neve_meta_author_avatar":"","neve_post_elements_order":"","neve_meta_disable_header":"","neve_meta_disable_footer":"","neve_meta_disable_title":"","advanced_seo_description":"","jetpack_seo_html_title":"","jetpack_seo_noindex":false,"footnotes":""},"class_list":["post-10","page","type-page","status-publish","hentry"],"jetpack_likes_enabled":true,"jetpack_sharing_enabled":true,"_links":{"self":[{"href":"http:\/\/rs.emanuelaboron.eu\/blog\/wp-json\/wp\/v2\/pages\/10","targetHints":{"allow":["GET"]}}],"collection":[{"href":"http:\/\/rs.emanuelaboron.eu\/blog\/wp-json\/wp\/v2\/pages"}],"about":[{"href":"http:\/\/rs.emanuelaboron.eu\/blog\/wp-json\/wp\/v2\/types\/page"}],"author":[{"embeddable":true,"href":"http:\/\/rs.emanuelaboron.eu\/blog\/wp-json\/wp\/v2\/users\/4"}],"replies":[{"embeddable":true,"href":"http:\/\/rs.emanuelaboron.eu\/blog\/wp-json\/wp\/v2\/comments?post=10"}],"version-history":[{"count":23,"href":"http:\/\/rs.emanuelaboron.eu\/blog\/wp-json\/wp\/v2\/pages\/10\/revisions"}],"predecessor-version":[{"id":270,"href":"http:\/\/rs.emanuelaboron.eu\/blog\/wp-json\/wp\/v2\/pages\/10\/revisions\/270"}],"wp:attachment":[{"href":"http:\/\/rs.emanuelaboron.eu\/blog\/wp-json\/wp\/v2\/media?parent=10"}],"curies":[{"name":"wp","href":"https:\/\/api.w.org\/{rel}","templated":true}]}}